{"id":5252,"date":"2025-12-05T13:07:28","date_gmt":"2025-12-05T13:07:28","guid":{"rendered":"https:\/\/ak-voelkerstrafrecht.org\/?page_id=5252"},"modified":"2026-01-30T13:59:54","modified_gmt":"2026-01-30T13:59:54","slug":"ueber-den-arbeitskreis","status":"publish","type":"page","link":"https:\/\/ak-voelkerstrafrecht.org\/en\/ueber-den-arbeitskreis\/","title":{"rendered":"About"},"content":{"rendered":"<div data-elementor-type=\"wp-page\" data-elementor-id=\"5252\" class=\"elementor elementor-5252\" data-elementor-post-type=\"page\">\n\t\t\t\t\t\t<section class=\"has_eae_slider elementor-section elementor-top-section elementor-element elementor-element-532c438 elementor-section-boxed elementor-section-height-default elementor-section-height-default\" data-eae-slider=\"40990\" data-id=\"532c438\" data-element_type=\"section\" data-e-type=\"section\">\n\t\t\t\t\t\t<div class=\"elementor-container elementor-column-gap-wider\">\n\t\t\t\t\t<div class=\"has_eae_slider elementor-column elementor-col-66 elementor-top-column elementor-element elementor-element-635f0e3\" data-eae-slider=\"25824\" data-id=\"635f0e3\" data-element_type=\"column\" data-e-type=\"column\">\n\t\t\t<div class=\"elementor-widget-wrap elementor-element-populated\">\n\t\t\t\t\t\t<section class=\"has_eae_slider elementor-section elementor-inner-section elementor-element elementor-element-0c957a7 elementor-section-full_width elementor-section-height-default elementor-section-height-default\" data-eae-slider=\"45637\" data-id=\"0c957a7\" data-element_type=\"section\" data-e-type=\"section\">\n\t\t\t\t\t\t<div class=\"elementor-container elementor-column-gap-default\">\n\t\t\t\t\t<div class=\"has_eae_slider elementor-column elementor-col-100 elementor-inner-column elementor-element elementor-element-053940d\" data-eae-slider=\"49657\" data-id=\"053940d\" data-element_type=\"column\" data-e-type=\"column\">\n\t\t\t<div class=\"elementor-widget-wrap elementor-element-populated\">\n\t\t\t\t\t\t<div class=\"elementor-element elementor-element-1f9be42 elementor-widget__width-auto elementor-widget elementor-widget-heading\" data-id=\"1f9be42\" data-element_type=\"widget\" data-e-type=\"widget\" data-widget_type=\"heading.default\">\n\t\t\t\t<div class=\"elementor-widget-container\">\n\t\t\t\t\t<h1 class=\"elementor-heading-title elementor-size-default\"><span class=\"\">About<\/span><\/h1>\t\t\t\t<\/div>\n\t\t\t\t<\/div>\n\t\t\t\t<div class=\"elementor-element elementor-element-fdaf67c elementor-widget elementor-widget-text-editor\" data-id=\"fdaf67c\" data-element_type=\"widget\" data-e-type=\"widget\" data-widget_type=\"text-editor.default\">\n\t\t\t\t<div class=\"elementor-widget-container\">\n\t\t\t\t\t\t\t\t\t<p>The Working Group on International Criminal Law was established in 2005.<\/p><p>It provides a forum for the exchange of ideas between German-speaking international criminal law experts from the fields of practice and academia.<\/p><p>The working group meets once a year (Chatham House rules). The working group currently has around 300 members from Germany, Austria, Switzerland and Liechtenstein.<\/p><p>As of 1 June 2025, <a href=\"https:\/\/www.uni-potsdam.de\/de\/ls-geneuss\/index\">Prof. Dr. Julia Geneuss<\/a>, LL.M. assumed the chairmanship.<\/p>\t\t\t\t\t\t\t\t<\/div>\n\t\t\t\t<\/div>\n\t\t\t\t<div class=\"elementor-element elementor-element-25a4119 elementor-widget__width-auto elementor-widget elementor-widget-heading\" data-id=\"25a4119\" data-element_type=\"widget\" data-e-type=\"widget\" data-widget_type=\"heading.default\">\n\t\t\t\t<div class=\"elementor-widget-container\">\n\t\t\t\t\t<h1 class=\"elementor-heading-title elementor-size-default\">coordination committee<\/h1>\t\t\t\t<\/div>\n\t\t\t\t<\/div>\n\t\t\t\t<div class=\"elementor-element elementor-element-7b392a7 elementor-widget elementor-widget-text-editor\" data-id=\"7b392a7\" data-element_type=\"widget\" data-e-type=\"widget\" data-widget_type=\"text-editor.default\">\n\t\t\t\t<div class=\"elementor-widget-container\">\n\t\t\t\t\t\t\t\t\t<p><span style=\"text-decoration: underline;\">Judge Prof. Dr. Kai Ambos<\/span><br \/>University of G\u00f6ttingen and Kosovo Specialist Chambers, The Hague<\/p><p><span style=\"text-decoration: underline;\">Prof. Dr. Stefanie Bock<\/span><br \/>University of Marburg<\/p><p><span style=\"text-decoration: underline;\">Franziska C. Eckelmans <\/span><br \/>International Criminal Court, Den Haag<\/p><p><span style=\"text-decoration: underline;\">Pr\u00e4sBStGer Alberto Fabbri<\/span><br \/>Federal Criminal Court, Bellinzona<\/p><p><span style=\"text-decoration: underline;\">Prof. Dr. Julia Geneuss<\/span><br \/>University of Potsdam<\/p><p><span style=\"text-decoration: underline;\">Dr. Christoph Henrichs <\/span><br \/>Federal Ministry of Justice and Consumer Protection, Berlin<\/p><p><span style=\"text-decoration: underline;\">Judge Claudia H\u00f6fer <\/span><br \/>Attorney General at the Federal Court of Justice, Karlsruhe, and International Residual Mechanism for Criminal Tribunals, The Hague<\/p><p><span style=\"text-decoration: underline;\">Prof. Dr. Florian Je\u00dfberger <\/span><br \/>Humboldt University of Berlin<\/p><p><span style=\"text-decoration: underline;\">Prof. Dr. Claus Kre\u00df <\/span><br \/>University of Cologne<\/p><p><span style=\"text-decoration: underline;\">Prof. Dr. Stefan Oeter <\/span><br \/>University of Hamburg<\/p><p><span style=\"text-decoration: underline;\">Dr. Astrid Reisinger-Coracini<\/span><br \/>University of Salzburg<\/p><p><span style=\"text-decoration: underline;\">Dr. Michael Westland<\/span><br \/>Foreign Office, Berlin<\/p><p><span style=\"text-decoration: underline;\">Natalie von Wistinghausen <\/span><br \/>Lawyer in Berlin<\/p><p><span style=\"text-decoration: underline;\">Judge Stefan Waespi <\/span><br \/>Former Special Criminal Court of the Central African Republic, Bangui<\/p><p><span style=\"text-decoration: underline;\">Prof. Dr. Gerhard Werle<\/span><br \/>Humboldt University of Berlin<\/p>\t\t\t\t\t\t\t\t<\/div>\n\t\t\t\t<\/div>\n\t\t\t\t\t<\/div>\n\t\t<\/div>\n\t\t\t\t\t<\/div>\n\t\t<\/section>\n\t\t\t\t\t<\/div>\n\t\t<\/div>\n\t\t\t\t<div class=\"has_eae_slider elementor-column elementor-col-33 elementor-top-column elementor-element elementor-element-a1b8107\" data-eae-slider=\"72150\" data-id=\"a1b8107\" data-element_type=\"column\" data-e-type=\"column\">\n\t\t\t<div class=\"elementor-widget-wrap elementor-element-populated\">\n\t\t\t\t\t\t<section class=\"has_eae_slider elementor-section elementor-inner-section elementor-element elementor-element-a62a3a1 elementor-section-boxed elementor-section-height-default elementor-section-height-default\" data-eae-slider=\"46340\" data-id=\"a62a3a1\" data-element_type=\"section\" data-e-type=\"section\" data-settings=\"{&quot;background_background&quot;:&quot;classic&quot;}\">\n\t\t\t\t\t\t<div class=\"elementor-container elementor-column-gap-default\">\n\t\t\t\t\t<div class=\"has_eae_slider elementor-column elementor-col-100 elementor-inner-column elementor-element elementor-element-72ba1ee\" data-eae-slider=\"58014\" data-id=\"72ba1ee\" data-element_type=\"column\" data-e-type=\"column\">\n\t\t\t<div class=\"elementor-widget-wrap elementor-element-populated\">\n\t\t\t\t\t\t<div class=\"elementor-element elementor-element-dbf4ebf elementor-widget elementor-widget-image\" data-id=\"dbf4ebf\" data-element_type=\"widget\" data-e-type=\"widget\" data-widget_type=\"image.default\">\n\t\t\t\t<div class=\"elementor-widget-container\">\n\t\t\t\t\t\t\t\t\t\t\t\t\t\t\t<img fetchpriority=\"high\" decoding=\"async\" width=\"800\" height=\"590\" src=\"https:\/\/ak-voelkerstrafrecht.org\/wp-content\/uploads\/2026\/01\/hands_-1024x755.jpg\" class=\"attachment-large size-large wp-image-5582\" alt=\"\" srcset=\"\" sizes=\"(max-width: 800px) 100vw, 800px\" data-srcset=\"\" \/>\t\t\t\t\t\t\t\t\t\t\t\t\t\t\t<\/div>\n\t\t\t\t<\/div>\n\t\t\t\t\t<\/div>\n\t\t<\/div>\n\t\t\t\t\t<\/div>\n\t\t<\/section>\n\t\t\t\t\t<\/div>\n\t\t<\/div>\n\t\t\t\t\t<\/div>\n\t\t<\/section>\n\t\t\t\t<section class=\"has_eae_slider elementor-section elementor-top-section elementor-element elementor-element-0a1be05 elementor-section-boxed elementor-section-height-default elementor-section-height-default\" data-eae-slider=\"77873\" data-id=\"0a1be05\" data-element_type=\"section\" data-e-type=\"section\">\n\t\t\t\t\t\t<div class=\"elementor-container elementor-column-gap-default\">\n\t\t\t\t\t<div class=\"has_eae_slider elementor-column elementor-col-50 elementor-top-column elementor-element elementor-element-0d7bc72\" data-eae-slider=\"64234\" data-id=\"0d7bc72\" data-element_type=\"column\" data-e-type=\"column\">\n\t\t\t<div class=\"elementor-widget-wrap elementor-element-populated\">\n\t\t\t\t\t\t<section class=\"has_eae_slider elementor-section elementor-inner-section elementor-element elementor-element-8f2c351 elementor-section-full_width elementor-section-height-default elementor-section-height-default\" data-eae-slider=\"57544\" data-id=\"8f2c351\" data-element_type=\"section\" data-e-type=\"section\">\n\t\t\t\t\t\t<div class=\"elementor-container elementor-column-gap-default\">\n\t\t\t\t\t<div class=\"has_eae_slider elementor-column elementor-col-100 elementor-inner-column elementor-element elementor-element-610239c\" data-eae-slider=\"54556\" data-id=\"610239c\" data-element_type=\"column\" data-e-type=\"column\">\n\t\t\t<div class=\"elementor-widget-wrap\">\n\t\t\t\t\t\t\t<\/div>\n\t\t<\/div>\n\t\t\t\t\t<\/div>\n\t\t<\/section>\n\t\t\t\t\t<\/div>\n\t\t<\/div>\n\t\t\t\t<div class=\"has_eae_slider elementor-column elementor-col-50 elementor-top-column elementor-element elementor-element-b5d255d\" data-eae-slider=\"71336\" data-id=\"b5d255d\" data-element_type=\"column\" data-e-type=\"column\">\n\t\t\t<div class=\"elementor-widget-wrap elementor-element-populated\">\n\t\t\t\t\t\t<section class=\"has_eae_slider elementor-section elementor-inner-section elementor-element elementor-element-4d25cf0 elementor-section-boxed elementor-section-height-default elementor-section-height-default\" data-eae-slider=\"21851\" data-id=\"4d25cf0\" data-element_type=\"section\" data-e-type=\"section\" data-settings=\"{&quot;background_background&quot;:&quot;classic&quot;}\">\n\t\t\t\t\t\t<div class=\"elementor-container elementor-column-gap-default\">\n\t\t\t\t\t<div class=\"has_eae_slider elementor-column elementor-col-100 elementor-inner-column elementor-element elementor-element-5595fdf\" data-eae-slider=\"80480\" data-id=\"5595fdf\" data-element_type=\"column\" data-e-type=\"column\">\n\t\t\t<div class=\"elementor-widget-wrap\">\n\t\t\t\t\t\t\t<\/div>\n\t\t<\/div>\n\t\t\t\t\t<\/div>\n\t\t<\/section>\n\t\t\t\t\t<\/div>\n\t\t<\/div>\n\t\t\t\t\t<\/div>\n\t\t<\/section>\n\t\t\t\t<\/div>","protected":false},"excerpt":{"rendered":"<p>\u00dcber den Arbeitskreis Der Arbeitskreis V\u00f6lkerstrafrecht ist 2005 gegr\u00fcndet worden. Er bietet ein Forum zum Gedankenaustausch zwischen deutschsprachigen V\u00f6lkerstrafrechtlerinnen und V\u00f6lkerstrafrechtlern aus Praxis und Wissenschaft. Der Arbeitskreis trifft sich j\u00e4hrlich zu einer Sitzung (chatham house rules). Der Arbeitskreis hat derzeit rund 300 Mitglieder aus Deutschland, \u00d6sterreich, der Schweiz und Liechtenstein. Zum 1. Juni 2025 hat [&hellip;]<\/p>","protected":false},"author":1,"featured_media":0,"parent":0,"menu_order":0,"comment_status":"closed","ping_status":"closed","template":"","meta":{"_acf_changed":false,"footnotes":""},"class_list":["post-5252","page","type-page","status-publish","hentry"],"acf":[],"_links":{"self":[{"href":"https:\/\/ak-voelkerstrafrecht.org\/en\/wp-json\/wp\/v2\/pages\/5252","targetHints":{"allow":["GET"]}}],"collection":[{"href":"https:\/\/ak-voelkerstrafrecht.org\/en\/wp-json\/wp\/v2\/pages"}],"about":[{"href":"https:\/\/ak-voelkerstrafrecht.org\/en\/wp-json\/wp\/v2\/types\/page"}],"author":[{"embeddable":true,"href":"https:\/\/ak-voelkerstrafrecht.org\/en\/wp-json\/wp\/v2\/users\/1"}],"replies":[{"embeddable":true,"href":"https:\/\/ak-voelkerstrafrecht.org\/en\/wp-json\/wp\/v2\/comments?post=5252"}],"version-history":[{"count":61,"href":"https:\/\/ak-voelkerstrafrecht.org\/en\/wp-json\/wp\/v2\/pages\/5252\/revisions"}],"predecessor-version":[{"id":5640,"href":"https:\/\/ak-voelkerstrafrecht.org\/en\/wp-json\/wp\/v2\/pages\/5252\/revisions\/5640"}],"wp:attachment":[{"href":"https:\/\/ak-voelkerstrafrecht.org\/en\/wp-json\/wp\/v2\/media?parent=5252"}],"curies":[{"name":"wp","href":"https:\/\/api.w.org\/{rel}","templated":true}]}}